{"id":104307,"date":"2023-05-10T18:07:47","date_gmt":"2023-05-10T16:07:47","guid":{"rendered":"https:\/\/ggwsf.org\/wordpress\/?page_id=104307"},"modified":"2023-05-10T18:55:07","modified_gmt":"2023-05-10T16:55:07","slug":"auszeichnungen","status":"publish","type":"page","link":"https:\/\/ggwsf.org\/wordpress\/auszeichnungen\/","title":{"rendered":"Auszeichnungen"},"content":{"rendered":"<h2><strong>DKMS<\/strong><\/h2>\n<p>F\u00fcr die \u00a0langj\u00e4hrige engagierte Arbeit in der Aufkl\u00e4rung der Sch\u00fclerinnen und Sch\u00fcler und den daraus resultierenden Typisierungen f\u00fcr eine Stammzellspende erhielt am 3. Mai 2023 unser \u00a0Goethegymnasium das Siegel der DKMS. Wir sind stolz darauf, dass durch \u00a0unsere Registrierungen bereits zwei Menschenleben gerettet werden konnten.<\/p>\n<p><img loading=\"lazy\" decoding=\"async\" class=\"alignnone size-medium wp-image-104308\" src=\"https:\/\/ggwsf.org\/wordpress\/wp-content\/uploads\/2023\/05\/A88888F7-090A-4405-8543-67BC328FD5D2-300x300.jpeg\" alt=\"\" width=\"300\" height=\"300\" srcset=\"https:\/\/ggwsf.org\/wordpress\/wp-content\/uploads\/2023\/05\/A88888F7-090A-4405-8543-67BC328FD5D2-300x300.jpeg 300w, https:\/\/ggwsf.org\/wordpress\/wp-content\/uploads\/2023\/05\/A88888F7-090A-4405-8543-67BC328FD5D2-1024x1024.jpeg 1024w, https:\/\/ggwsf.org\/wordpress\/wp-content\/uploads\/2023\/05\/A88888F7-090A-4405-8543-67BC328FD5D2-150x150.jpeg 150w, https:\/\/ggwsf.org\/wordpress\/wp-content\/uploads\/2023\/05\/A88888F7-090A-4405-8543-67BC328FD5D2-768x768.jpeg 768w, https:\/\/ggwsf.org\/wordpress\/wp-content\/uploads\/2023\/05\/A88888F7-090A-4405-8543-67BC328FD5D2-1536x1536.jpeg 1536w, https:\/\/ggwsf.org\/wordpress\/wp-content\/uploads\/2023\/05\/A88888F7-090A-4405-8543-67BC328FD5D2-2048x2048.jpeg 2048w\" sizes=\"auto, (max-width: 300px) 100vw, 300px\" \/>\u00a0<img loading=\"lazy\" decoding=\"async\" class=\"alignnone size-medium wp-image-104311\" src=\"https:\/\/ggwsf.org\/wordpress\/wp-content\/uploads\/2023\/05\/3E95536F-6F20-4D10-82B4-8D6A2D786E96-300x197.jpeg\" alt=\"\" width=\"300\" height=\"197\" srcset=\"https:\/\/ggwsf.org\/wordpress\/wp-content\/uploads\/2023\/05\/3E95536F-6F20-4D10-82B4-8D6A2D786E96-300x197.jpeg 300w, https:\/\/ggwsf.org\/wordpress\/wp-content\/uploads\/2023\/05\/3E95536F-6F20-4D10-82B4-8D6A2D786E96-1024x673.jpeg 1024w, https:\/\/ggwsf.org\/wordpress\/wp-content\/uploads\/2023\/05\/3E95536F-6F20-4D10-82B4-8D6A2D786E96-768x505.jpeg 768w, https:\/\/ggwsf.org\/wordpress\/wp-content\/uploads\/2023\/05\/3E95536F-6F20-4D10-82B4-8D6A2D786E96-1536x1010.jpeg 1536w, https:\/\/ggwsf.org\/wordpress\/wp-content\/uploads\/2023\/05\/3E95536F-6F20-4D10-82B4-8D6A2D786E96-2048x1346.jpeg 2048w\" sizes=\"auto, (max-width: 300px) 100vw, 300px\" \/><\/p>\n","protected":false},"excerpt":{"rendered":"<p>DKMS F\u00fcr die \u00a0langj\u00e4hrige engagierte Arbeit in der Aufkl\u00e4rung der Sch\u00fclerinnen und Sch\u00fcler und den daraus resultierenden Typisierungen f\u00fcr eine Stammzellspende erhielt am 3. Mai 2023 unser \u00a0Goethegymnasium das Siegel der DKMS. Wir sind stolz darauf, dass durch \u00a0unsere Registrierungen bereits zwei Menschenleben gerettet werden konnten. \u00a0<\/p>\n","protected":false},"author":1361,"featured_media":0,"parent":0,"menu_order":0,"comment_status":"closed","ping_status":"closed","template":"","meta":{"footnotes":""},"class_list":["post-104307","page","type-page","status-publish","hentry"],"_links":{"self":[{"href":"https:\/\/ggwsf.org\/wordpress\/wp-json\/wp\/v2\/pages\/104307","targetHints":{"allow":["GET"]}}],"collection":[{"href":"https:\/\/ggwsf.org\/wordpress\/wp-json\/wp\/v2\/pages"}],"about":[{"href":"https:\/\/ggwsf.org\/wordpress\/wp-json\/wp\/v2\/types\/page"}],"author":[{"embeddable":true,"href":"https:\/\/ggwsf.org\/wordpress\/wp-json\/wp\/v2\/users\/1361"}],"replies":[{"embeddable":true,"href":"https:\/\/ggwsf.org\/wordpress\/wp-json\/wp\/v2\/comments?post=104307"}],"version-history":[{"count":3,"href":"https:\/\/ggwsf.org\/wordpress\/wp-json\/wp\/v2\/pages\/104307\/revisions"}],"predecessor-version":[{"id":104313,"href":"https:\/\/ggwsf.org\/wordpress\/wp-json\/wp\/v2\/pages\/104307\/revisions\/104313"}],"wp:attachment":[{"href":"https:\/\/ggwsf.org\/wordpress\/wp-json\/wp\/v2\/media?parent=104307"}],"curies":[{"name":"wp","href":"https:\/\/api.w.org\/{rel}","templated":true}]}}