{"id":17,"date":"2019-03-11T21:45:59","date_gmt":"2019-03-11T20:45:59","guid":{"rendered":"http:\/\/wordpress.kladih.de\/wordpress\/?page_id=17"},"modified":"2024-08-05T14:35:37","modified_gmt":"2024-08-05T12:35:37","slug":"startseite","status":"publish","type":"page","link":"https:\/\/ggwsf.org\/wordpress\/","title":{"rendered":"Startseite"},"content":{"rendered":"<meta http-equiv=\"refresh\" content=\"0; URL=https:\/\/ggwsf.org\/wordpress\/blog\"> \r\n&nbsp;\r\n<p style=\"font-weight: 400;\"><strong>Vorwort:<\/strong><\/p>\r\n<p style=\"font-weight: 400;\">Sehr geehrte Besucherinnen und Besucher unserer Homepage, liebe Freunde,<\/p>\r\n<p style=\"font-weight: 400;\">ich begr\u00fc\u00dfe Sie ganz herzlich beim Webauftritt des Goethegymnasiums in Wei\u00dfenfels.<\/p>\r\n<p style=\"font-weight: 400;\">Unsere Schule liegt im Burgenlandkreis im S\u00fcden von Sachsen-Anhalt. Das Schulleben findet bezogen auf ein Umfeld statt, welches insbesondere durch Kultur, Geschichte, Wissenschaft, Landwirtschaft, Industrie und nat\u00fcrlich die besondere geografische Lage im Grenzbereich der L\u00e4nder Sachsen-Anhalt, Sachsen und Th\u00fcringen im St\u00e4dtedreieck Leipzig-Halle-Jena gepr\u00e4gt ist.<\/p>\r\n<p style=\"font-weight: 400;\">Wir sind eine weltoffene, traditionsbewusste und zukunftsorientierte Bildungseinrichtung. Diese Attribute versuchen wir im Rahmen einer gemeinschaftlichen Zusammenarbeit zwischen den Lernenden, deren Sorgeberechtigten und den Lehrenden umzusetzen.<\/p>\r\n<p style=\"font-weight: 400;\">Unsere Website erm\u00f6glicht es in gewisser Weise, sich dar\u00fcber einen Eindruck zu verschaffen.<\/p>\r\n<p style=\"font-weight: 400;\">Ich lade Sie ein, unser Gymnasium durch dieses Medium kennenzulernen und sich mit Hinweisen und Anmerkungen an der weiteren Gestaltung der Website zu beteiligen.<\/p>\r\n<p style=\"font-weight: 400;\">Frank O\u00dfwald\r\nSchulleiter<\/p>\r\n<!-- \/wp:post-content -->","protected":false},"excerpt":{"rendered":"<p>&nbsp; Vorwort: Sehr geehrte Besucherinnen und Besucher unserer Homepage, liebe Freunde, ich begr\u00fc\u00dfe Sie ganz herzlich beim Webauftritt des Goethegymnasiums in Wei\u00dfenfels. Unsere Schule liegt im Burgenlandkreis im S\u00fcden von Sachsen-Anhalt. Das Schulleben findet bezogen auf ein Umfeld statt, welches insbesondere durch Kultur, Geschichte, Wissenschaft, Landwirtschaft, Industrie und nat\u00fcrlich die besondere geografische Lage im Grenzbereich &hellip; <a href=\"https:\/\/ggwsf.org\/wordpress\/\" class=\"more-link\"><span class=\"screen-reader-text\">Startseite<\/span> weiterlesen <span class=\"meta-nav\">&rarr;<\/span><\/a><\/p>\n","protected":false},"author":1,"featured_media":0,"parent":0,"menu_order":0,"comment_status":"closed","ping_status":"closed","template":"","meta":{"footnotes":""},"class_list":["post-17","page","type-page","status-publish","hentry"],"_links":{"self":[{"href":"https:\/\/ggwsf.org\/wordpress\/wp-json\/wp\/v2\/pages\/17","targetHints":{"allow":["GET"]}}],"collection":[{"href":"https:\/\/ggwsf.org\/wordpress\/wp-json\/wp\/v2\/pages"}],"about":[{"href":"https:\/\/ggwsf.org\/wordpress\/wp-json\/wp\/v2\/types\/page"}],"author":[{"embeddable":true,"href":"https:\/\/ggwsf.org\/wordpress\/wp-json\/wp\/v2\/users\/1"}],"replies":[{"embeddable":true,"href":"https:\/\/ggwsf.org\/wordpress\/wp-json\/wp\/v2\/comments?post=17"}],"version-history":[{"count":12,"href":"https:\/\/ggwsf.org\/wordpress\/wp-json\/wp\/v2\/pages\/17\/revisions"}],"predecessor-version":[{"id":104283,"href":"https:\/\/ggwsf.org\/wordpress\/wp-json\/wp\/v2\/pages\/17\/revisions\/104283"}],"wp:attachment":[{"href":"https:\/\/ggwsf.org\/wordpress\/wp-json\/wp\/v2\/media?parent=17"}],"curies":[{"name":"wp","href":"https:\/\/api.w.org\/{rel}","templated":true}]}}