{"id":235,"date":"2019-03-16T02:43:39","date_gmt":"2019-03-16T01:43:39","guid":{"rendered":"http:\/\/wordpress.kladih.de\/wordpress\/?page_id=235"},"modified":"2024-10-05T10:32:56","modified_gmt":"2024-10-05T08:32:56","slug":"vertrauenslehrer","status":"publish","type":"page","link":"https:\/\/ggwsf.org\/wordpress\/vertrauenslehrer\/","title":{"rendered":"Vertrauenslehrer"},"content":{"rendered":"<p><em>Immer mit einem offenen Ohr f\u00fcr die Probleme der Sch\u00fclerschaft stehen zur Verf\u00fcgung:<\/em><\/p>\n<p><strong>Herr F\u00f6disch und Frau Schiefner<\/strong><!--und <strong>Frau Persson<\/strong>--><\/p>\n","protected":false},"excerpt":{"rendered":"<p>Immer mit einem offenen Ohr f\u00fcr die Probleme der Sch\u00fclerschaft stehen zur Verf\u00fcgung: Herr F\u00f6disch und Frau Schiefner<\/p>\n","protected":false},"author":1,"featured_media":0,"parent":0,"menu_order":0,"comment_status":"closed","ping_status":"closed","template":"","meta":{"footnotes":""},"class_list":["post-235","page","type-page","status-publish","hentry"],"_links":{"self":[{"href":"https:\/\/ggwsf.org\/wordpress\/wp-json\/wp\/v2\/pages\/235","targetHints":{"allow":["GET"]}}],"collection":[{"href":"https:\/\/ggwsf.org\/wordpress\/wp-json\/wp\/v2\/pages"}],"about":[{"href":"https:\/\/ggwsf.org\/wordpress\/wp-json\/wp\/v2\/types\/page"}],"author":[{"embeddable":true,"href":"https:\/\/ggwsf.org\/wordpress\/wp-json\/wp\/v2\/users\/1"}],"replies":[{"embeddable":true,"href":"https:\/\/ggwsf.org\/wordpress\/wp-json\/wp\/v2\/comments?post=235"}],"version-history":[{"count":5,"href":"https:\/\/ggwsf.org\/wordpress\/wp-json\/wp\/v2\/pages\/235\/revisions"}],"predecessor-version":[{"id":104576,"href":"https:\/\/ggwsf.org\/wordpress\/wp-json\/wp\/v2\/pages\/235\/revisions\/104576"}],"wp:attachment":[{"href":"https:\/\/ggwsf.org\/wordpress\/wp-json\/wp\/v2\/media?parent=235"}],"curies":[{"name":"wp","href":"https:\/\/api.w.org\/{rel}","templated":true}]}}