{"id":237,"date":"2019-03-16T02:46:41","date_gmt":"2019-03-16T01:46:41","guid":{"rendered":"http:\/\/wordpress.kladih.de\/wordpress\/?page_id=237"},"modified":"2024-08-12T15:17:28","modified_gmt":"2024-08-12T13:17:28","slug":"klassenlehrerinnen","status":"publish","type":"page","link":"https:\/\/ggwsf.org\/wordpress\/klassenlehrerinnen\/","title":{"rendered":"KlassenlehrerInnen"},"content":{"rendered":"<style>\n.klassenleiter * {margin:0; padding:0; border: 1px dotted gray;}\n.klassenleiter {box-shadow: 2px 2px 5px grey; }\n.klassenleiter th {padding: 0 10px;}\n.klassenleiter td {padding: 0 10px;}\n<\/style>\n<p>Stand: August 2024<\/p>\n<div class=\"klassenleiter\">\n<table>\n<tbody>\n<tr>\n<th>Klasse<\/th>\n<th>Klassenleiter<\/th>\n<th>Klasse<\/th>\n<th>Klassenleiter<\/th>\n<\/tr>\n<tr>\n<td>5a<\/td>\n<td>Fr. Machner, Fr. Auerswald<\/td>\n<td>9a<\/td>\n<td>Fr. Petzold, Hr. H\u00f6rning<\/td>\n<\/tr>\n<tr>\n<td>5b<\/td>\n<td>Fr. M\u00fcller, Fr. R\u00f6hrborn<\/td>\n<td>9b<\/td>\n<td>Fr. Naundorf, Hr. Rauschenberg<\/td>\n<\/tr>\n<tr>\n<td>5c<\/td>\n<td>Fr. O?wald, Fr. Gro\u00dfe<\/td>\n<td>9c<\/td>\n<td>Fr. Simon H., Fr. Simon Ch.<\/td>\n<\/tr>\n<tr>\n<td>5d<\/td>\n<td>Hr. F\u00f6disch, Hr. Giese<\/td>\n<td>9d<\/td>\n<td>Fr. Onemichl, Fr. Noh<\/td>\n<\/tr>\n<tr>\n<td>6a<\/td>\n<td>Fr. Kammel, Hr. Sch\u00e4fer<\/td>\n<td>10a<\/td>\n<td>Fr. Chanaa, Fr. Hauschild<\/td>\n<\/tr>\n<tr>\n<td>6b<\/td>\n<td>Fr. J\u00e4ger, Hr. Rauschenberg<\/td>\n<td>10b<\/td>\n<td>Hr. H\u00f6rning, Fr. Florek<\/td>\n<\/tr>\n<tr>\n<td>6c<\/td>\n<td>Fr. Ostwald, Fr. Bernieck<\/td>\n<td>10c<\/td>\n<td>Hr. Blanke, Fr. Albrecht<\/td>\n<\/tr>\n<tr>\n<td>6d<\/td>\n<td>Hr. Franke, Fr. Albrecht<\/td>\n<td>10d<\/td>\n<td>Fr. Jacob, Hr. Ludwig<\/td>\n<\/tr>\n<tr>\n<td>7a<\/td>\n<td>Fr. Sommer, Hr. Hofmann<\/td>\n<td>11\/1<\/td>\n<td>Hr. Hofmann<\/td>\n<\/tr>\n<tr>\n<td>7b<\/td>\n<td>Fr. Gr\u00fcndig, Fr. Kopp<\/td>\n<td>11\/2<\/td>\n<td>Fr. Auerswald<\/td>\n<\/tr>\n<tr>\n<td>7c<\/td>\n<td>Fr. Bergmann, Hr. Lippold<\/td>\n<td>11\/3<\/td>\n<td>Hr. Ludwig<\/td>\n<\/tr>\n<tr>\n<td>7d<\/td>\n<td>Fr. Schiefner, Fr. Jordan<\/td>\n<td>12\/1<\/td>\n<td>Fr. Hauschild<\/td>\n<\/tr>\n<tr>\n<td>8a<\/td>\n<td>Fr. Hauer, Fr. Kopp<\/td>\n<td>12\/2<\/td>\n<td>Hr. Lippold<\/td>\n<\/tr>\n<tr>\n<td>8b<\/td>\n<td>Fr. Br\u00fcckner, Fr. Zeng<\/td>\n<td>12\/3<\/td>\n<td>Fr. Gurschke<\/td>\n<\/tr>\n<tr>\n<td>8c<\/td>\n<td>Hr. Kramer, Fr. Sebbah<\/td>\n<td><\/td>\n<td><\/td>\n<\/tr>\n<tr>\n<td>8d<\/td>\n<td>Hr. Wiebigke, Fr. Emmerich<\/td>\n<td><\/td>\n<td><\/td>\n<\/tr>\n<\/tbody>\n<\/table>\n<\/div>\n","protected":false},"excerpt":{"rendered":"<p>Stand: August 2024 Klasse Klassenleiter Klasse Klassenleiter 5a Fr. Machner, Fr. Auerswald 9a Fr. Petzold, Hr. H\u00f6rning 5b Fr. M\u00fcller, Fr. R\u00f6hrborn 9b Fr. Naundorf, Hr. Rauschenberg 5c Fr. O?wald, Fr. Gro\u00dfe 9c Fr. Simon H., Fr. Simon Ch. 5d Hr. F\u00f6disch, Hr. Giese 9d Fr. Onemichl, Fr. Noh 6a Fr. Kammel, Hr. Sch\u00e4fer 10a &hellip; <a href=\"https:\/\/ggwsf.org\/wordpress\/klassenlehrerinnen\/\" class=\"more-link\"><span class=\"screen-reader-text\">KlassenlehrerInnen<\/span> weiterlesen <span class=\"meta-nav\">&rarr;<\/span><\/a><\/p>\n","protected":false},"author":1,"featured_media":0,"parent":0,"menu_order":0,"comment_status":"closed","ping_status":"closed","template":"","meta":{"footnotes":""},"class_list":["post-237","page","type-page","status-publish","hentry"],"_links":{"self":[{"href":"https:\/\/ggwsf.org\/wordpress\/wp-json\/wp\/v2\/pages\/237","targetHints":{"allow":["GET"]}}],"collection":[{"href":"https:\/\/ggwsf.org\/wordpress\/wp-json\/wp\/v2\/pages"}],"about":[{"href":"https:\/\/ggwsf.org\/wordpress\/wp-json\/wp\/v2\/types\/page"}],"author":[{"embeddable":true,"href":"https:\/\/ggwsf.org\/wordpress\/wp-json\/wp\/v2\/users\/1"}],"replies":[{"embeddable":true,"href":"https:\/\/ggwsf.org\/wordpress\/wp-json\/wp\/v2\/comments?post=237"}],"version-history":[{"count":30,"href":"https:\/\/ggwsf.org\/wordpress\/wp-json\/wp\/v2\/pages\/237\/revisions"}],"predecessor-version":[{"id":104508,"href":"https:\/\/ggwsf.org\/wordpress\/wp-json\/wp\/v2\/pages\/237\/revisions\/104508"}],"wp:attachment":[{"href":"https:\/\/ggwsf.org\/wordpress\/wp-json\/wp\/v2\/media?parent=237"}],"curies":[{"name":"wp","href":"https:\/\/api.w.org\/{rel}","templated":true}]}}