{"id":241,"date":"2019-03-16T03:16:45","date_gmt":"2019-03-16T02:16:45","guid":{"rendered":"http:\/\/wordpress.kladih.de\/wordpress\/?page_id=241"},"modified":"2024-08-05T14:22:21","modified_gmt":"2024-08-05T12:22:21","slug":"verantwortliche","status":"publish","type":"page","link":"https:\/\/ggwsf.org\/wordpress\/verantwortliche\/","title":{"rendered":"Verantwortliche"},"content":{"rendered":"<p>Hier nun die Ansprechpartner f\u00fcr Aktivit\u00e4ten am Goethegymnasium, die f\u00fcr Sch\u00fcler und Au\u00dfenstehende wichtig sind:<\/p>\n<style>\n.klassenleiter * {margin:0; padding:0; border: 1px dotted gray;}<br \/>\n.klassenleiter br {border: 0;}<br \/>\n.klassenleiter {box-shadow: 2px 2px 5px grey; }<br \/>\n.klassenleiter th {padding: 0 10px;}<br \/>\n.klassenleiter td {padding: 0 10px;}<br \/>\n<\/style>\n<div class=\"klassenleiter\">\n<table cellspacing=\"0\" cellpadding=\"1\">\n<tbody>\n<tr>\n<td>Schulpartnerschaft Tschechien<\/td>\n<td>Frau Hauer, Frau Gr\u00fcndig<\/td>\n<\/tr>\n<tr>\n<td>Skikompaktkurs<\/td>\n<td>Herr Wiebigke Frau Florek<\/td>\n<\/tr>\n<tr>\n<td>Verkehrserziehungstag<\/td>\n<td>Frau Kunze<\/td>\n<\/tr>\n<tr>\n<td>Jugend trainiert f\u00fcr Olympia<\/td>\n<td>Herr Kramer<\/td>\n<\/tr>\n<tr>\n<td>Zeichen- und Malwettbewerbe<\/td>\n<td> Frau Simon<br \/>\nFrau Sommer<\/td>\n<\/tr>\n<tr>\n<td>Musikalische H\u00f6hepunkte<br \/>\nund Wettbewerbe<\/td>\n<td>Frau Teichert<br \/>\nFrau Auerswald<br \/>\nFrau Gei\u00dfler<\/td>\n<\/tr>\n<tr>\n<td>Geschichtswettbewerbe<\/td>\n<td>Frau Bernieck<\/td>\n<\/tr>\n<tr>\n<td>Besondere Lernleistung<\/td>\n<td>&#8212;<\/td>\n<\/tr>\n<tr>\n<td>Mathe-Olympiade<\/td>\n<td>Frau Naundorf<\/td>\n<\/tr>\n<tr>\n<td>Physik-Olympiade<\/td>\n<td>Herr Franke<\/td>\n<\/tr>\n<tr>\n<td>Geo-Olympiade<\/td>\n<td>&#8212;<\/td>\n<\/tr>\n<tr>\n<td>Ch-Olympiade<\/td>\n<td><\/td>\n<\/tr>\n<tr>\n<td>Sprachwettbewerbe<\/td>\n<td>Fachkonferenzleiter<br \/>\nFremdsprachen<\/td>\n<\/tr>\n<tr>\n<td>Jugend forscht<\/td>\n<td>Herr O\u00dfwald<\/td>\n<\/tr>\n<tr>\n<td>Vorlesewettbewerb<\/td>\n<td>&#8212;<\/td>\n<\/tr>\n<tr>\n<td><\/td>\n<td><\/td>\n<\/tr>\n<tr>\n<td>Sicherheitsbeauftragter<\/td>\n<td>Herr Hentschel<\/td>\n<\/tr>\n<tr>\n<td>Strahlenschutzbeauftragter<\/td>\n<td>Herr O\u00dfwald<\/td>\n<\/tr>\n<tr>\n<td>Vertretungsplanung<\/td>\n<td>Herr Ludwig<\/td>\n<\/tr>\n<tr>\n<td>Verantwortl. HSII<\/td>\n<td>Frau Gei\u00dfler<\/td>\n<\/tr>\n<tr>\n<td><\/td>\n<td><\/td>\n<\/tr>\n<tr>\n<td>Sozialp\u00e4dagogin in d. Schulbibliothek<\/td>\n<td>Frau Linke<\/td>\n<\/tr>\n<\/tbody>\n<\/table>\n<\/div>\n","protected":false},"excerpt":{"rendered":"<p>Hier nun die Ansprechpartner f\u00fcr Aktivit\u00e4ten am Goethegymnasium, die f\u00fcr Sch\u00fcler und Au\u00dfenstehende wichtig sind: Schulpartnerschaft Tschechien Frau Hauer, Frau Gr\u00fcndig Skikompaktkurs Herr Wiebigke Frau Florek Verkehrserziehungstag Frau Kunze Jugend trainiert f\u00fcr Olympia Herr Kramer Zeichen- und Malwettbewerbe Frau Simon Frau Sommer Musikalische H\u00f6hepunkte und Wettbewerbe Frau Teichert Frau Auerswald Frau Gei\u00dfler Geschichtswettbewerbe Frau Bernieck &hellip; <a href=\"https:\/\/ggwsf.org\/wordpress\/verantwortliche\/\" class=\"more-link\"><span class=\"screen-reader-text\">Verantwortliche<\/span> weiterlesen <span class=\"meta-nav\">&rarr;<\/span><\/a><\/p>\n","protected":false},"author":1,"featured_media":0,"parent":0,"menu_order":0,"comment_status":"closed","ping_status":"closed","template":"","meta":{"footnotes":""},"class_list":["post-241","page","type-page","status-publish","hentry"],"_links":{"self":[{"href":"https:\/\/ggwsf.org\/wordpress\/wp-json\/wp\/v2\/pages\/241","targetHints":{"allow":["GET"]}}],"collection":[{"href":"https:\/\/ggwsf.org\/wordpress\/wp-json\/wp\/v2\/pages"}],"about":[{"href":"https:\/\/ggwsf.org\/wordpress\/wp-json\/wp\/v2\/types\/page"}],"author":[{"embeddable":true,"href":"https:\/\/ggwsf.org\/wordpress\/wp-json\/wp\/v2\/users\/1"}],"replies":[{"embeddable":true,"href":"https:\/\/ggwsf.org\/wordpress\/wp-json\/wp\/v2\/comments?post=241"}],"version-history":[{"count":7,"href":"https:\/\/ggwsf.org\/wordpress\/wp-json\/wp\/v2\/pages\/241\/revisions"}],"predecessor-version":[{"id":104503,"href":"https:\/\/ggwsf.org\/wordpress\/wp-json\/wp\/v2\/pages\/241\/revisions\/104503"}],"wp:attachment":[{"href":"https:\/\/ggwsf.org\/wordpress\/wp-json\/wp\/v2\/media?parent=241"}],"curies":[{"name":"wp","href":"https:\/\/api.w.org\/{rel}","templated":true}]}}