{"id":469,"date":"2019-04-01T14:14:58","date_gmt":"2019-04-01T12:14:58","guid":{"rendered":"http:\/\/ggwsf.org\/wordpress\/?page_id=469"},"modified":"2023-05-12T10:20:49","modified_gmt":"2023-05-12T08:20:49","slug":"schulsozialarbeit","status":"publish","type":"page","link":"https:\/\/ggwsf.org\/wordpress\/schulsozialarbeit\/","title":{"rendered":"Schulsozialarbeit"},"content":{"rendered":"<p><strong>Die Schulsozialarbeiterin stellt sich vor:<img decoding=\"async\" style=\"margin: 5px; width: 203px; float: right;\" src=\"http:\/\/ggwsf.org\/images\/schulerfolg.jpg\" alt=\"\" \/><\/strong><\/p>\n<p>&nbsp;<\/p>\n<p style=\"width: 200px; margin-right: 20px; float: left;\"><img decoding=\"async\" class=\"size-full wp-image-471\" src=\"http:\/\/ggwsf.org\/wordpress\/wp-content\/uploads\/2019\/04\/Frau-Linke.jpg\" alt=\"\" width=\"200\" srcset=\"https:\/\/ggwsf.org\/wordpress\/wp-content\/uploads\/2019\/04\/Frau-Linke.jpg 248w, https:\/\/ggwsf.org\/wordpress\/wp-content\/uploads\/2019\/04\/Frau-Linke-221x300.jpg 221w\" sizes=\"(max-width: 248px) 100vw, 248px\" \/><\/p>\n<div style=\"width: 300px; float: left;\">\n<p><strong>Kathrin Linke<\/strong><\/p>\n<p>&nbsp;<\/p>\n<p>Dipl.-Kulturp\u00e4dagogin (FH)<\/p>\n<p>Staatlich anerkannte Sozialp\u00e4dagogin<\/p>\n<p>Tr\u00e4ger: CJD Sachsen-Anhalt<\/p>\n<\/div>\n<style>\n.person span { float:left;}<br \/>\n.person .kat {width: 20%;  font-weight:bold;margin: 10px 0 10px 0;}<br \/>\n.person .wert {width:80%;margin: 10px 0 10px 0;}<br \/>\n.person p {margin: 10px 0 10px 0;}<br \/>\n<\/style>\n<p>&nbsp;<\/p>\n<p>&nbsp;<\/p>\n<p>&nbsp;<\/p>\n<p>&nbsp;<\/p>\n<p>&nbsp;<\/p>\n<p>&nbsp;<\/p>\n<p style=\"text-align: right;\">\n<p style=\"text-decoration: underline;\">Kontakt<\/p>\n<p><span class=\"wert\"><strong>B\u00fcro<\/strong><br \/>\nGoethegymnasium Wei\u00dfenfels<br \/>\nAm Kloster 4<br \/>\n<\/span><span class=\"wert\">06667 Wei\u00dfenfels<br \/>\nRaum 303 (Bibliothek, 3. OG)<\/span><\/p>\n<p><span class=\"kat\"><strong>Mobil<\/strong><br \/>\n<\/span><span class=\"wert\">0151 \u2013 40639587<\/span><\/p>\n<p><span class=\"kat\"><strong>Mail<\/strong><br \/>\nkathrin.linke@cjd.de<\/span><\/p>\n<div>\n<p>Im Rahmen des ESF-Programmes \u201eSchulerfolg sichern!\u201c (finanziert mit Mitteln des Europ\u00e4ischen Sozialfonds und des Landes Sachsen-Anhalt)gibt es seit August 2015 Schulsozialarbeit am Goethegymnasium Wei\u00dfenfels. Die Fortf\u00fchrung dieser Stelle ist vorerst bis Juli 2020 gesichert.<\/p>\n<p>In enger Kooperation mit Lehrer, Eltern und Schulleitung ist es das Ziel der Schulsozialarbeit, allen Sch\u00fclerinnen und Sch\u00fclern des Goethegymnasiums eine erfolgreiche Schullaufbahn zu erm\u00f6glichen. Um junge Menschen auf dem schwierigen Weg des Erwachsenwerdens zu unterst\u00fctzen, bietet Schulsozialarbeit konkrete und auf die Situation angepasste Hilfen zur \u00dcberwindung der jeweiligen Herausforderung an. Dabei steht immer die Sch\u00fclerin oder der Sch\u00fcler im Fokus.<\/p>\n<\/div>\n<p><strong>F\u00fcr die Schulsozialarbeit am Goethegymnasium ergeben sich daraus folgende Aufgabenschwerpunkte:<\/strong><\/p>\n<ul style=\"margin-left: 20px;\">\n<li>Beratung und Begleitung von Sch\u00fcler\/innen und Eltern in Einzelf\u00e4llen und bei multiplen Problemlagen<\/li>\n<li>Offene Gespr\u00e4chsangebote f\u00fcr Sch\u00fcler\/innen, Eltern und Lehrer\/innen<\/li>\n<li>Schulung sozialer Kompetenzen durch Sozialtrainings in Klasse 5<\/li>\n<li>Freizeitangebote im kreativen Bereich<\/li>\n<li>Organisation und Durchf\u00fchrung pr\u00e4ventiver und intervenierender Projekte zu Themen wie Gewaltpr\u00e4vention, Mobbing, Sucht oder Demokratieerziehung<\/li>\n<li>Elternarbeit: Unterst\u00fctzung bei Problemen, Vermittlung zwischen Schule und Elternhaus, thematische Elternversammlungen<\/li>\n<li>Krisenintervention: Einschreiten bei aufkommenden (akuten) Problemen<\/li>\n<li>Begleitung des Sch\u00fclerrates und der Sch\u00fclerzeitung &#8220;Tacheles&#8221;<\/li>\n<li>Regionale Netzwerkarbeit (AK &#8220;Suchtpr\u00e4vention&#8221; Wei\u00dfenfels, Netzwerk &#8220;Schulerfolg sichern!&#8221;&#8221; etc.)<\/li>\n<li>Unterst\u00fctzung von schulischen (Unterrichts-) Projekten und von Schulfesten\/-veranstaltungen<\/li>\n<\/ul>\n<p>Schulsozialarbeit ist dabei grunds\u00e4tzlich f\u00fcr <strong>jeden offen, vertraulich<\/strong> und <strong>neutral.<\/strong><\/p>\n<p>&nbsp;<\/p>\n<div>\n<p style=\"margin: 0px 230px 0px 0px; text-align: right; font-size: 9px;\">unterst\u00fctzt und gef\u00f6rdert durch:<\/p>\n<p><img decoding=\"async\" style=\"margin: 5px; width: 350px; height: 42px; float: right;\" src=\"http:\/\/ggwsf.org\/images\/untersttzt.png\" alt=\"\" \/><\/p>\n<\/div>\n<p><!--\n\nElternzeitvertretung f\u00fcr Frau Linke\n\n<img decoding=\"async\" src=\"http:\/\/ggwsf.org\/wordpress\/wp-content\/uploads\/2019\/10\/20190919_090841.jpg\" alt=\"\" style=\"height:250px;\" align=\"right\"\/>\n\n<strong>Birte Oltmanns<\/strong>\n\nStaatl. Anerkannte Dipl. Sozialp\u00e4dagogin \/ Sozialarbeiterin\n\nTr\u00e4ger: CJD Sachsen-Anhalt\n\nEmail: Birte.Oltmanns@cjd.de\n\nTelefon: 0151 406 39 587\n\n--><\/p>\n","protected":false},"excerpt":{"rendered":"<p>Die Schulsozialarbeiterin stellt sich vor: &nbsp; Kathrin Linke &nbsp; Dipl.-Kulturp\u00e4dagogin (FH) Staatlich anerkannte Sozialp\u00e4dagogin Tr\u00e4ger: CJD Sachsen-Anhalt &nbsp; &nbsp; &nbsp; &nbsp; &nbsp; &nbsp; Kontakt B\u00fcro Goethegymnasium Wei\u00dfenfels Am Kloster 4 06667 Wei\u00dfenfels Raum 303 (Bibliothek, 3. OG) Mobil 0151 \u2013 40639587 Mail kathrin.linke@cjd.de Im Rahmen des ESF-Programmes \u201eSchulerfolg sichern!\u201c (finanziert mit Mitteln des Europ\u00e4ischen Sozialfonds &hellip; <a href=\"https:\/\/ggwsf.org\/wordpress\/schulsozialarbeit\/\" class=\"more-link\"><span class=\"screen-reader-text\">Schulsozialarbeit<\/span> weiterlesen <span class=\"meta-nav\">&rarr;<\/span><\/a><\/p>\n","protected":false},"author":1,"featured_media":0,"parent":0,"menu_order":0,"comment_status":"closed","ping_status":"closed","template":"","meta":{"footnotes":""},"class_list":["post-469","page","type-page","status-publish","hentry"],"_links":{"self":[{"href":"https:\/\/ggwsf.org\/wordpress\/wp-json\/wp\/v2\/pages\/469","targetHints":{"allow":["GET"]}}],"collection":[{"href":"https:\/\/ggwsf.org\/wordpress\/wp-json\/wp\/v2\/pages"}],"about":[{"href":"https:\/\/ggwsf.org\/wordpress\/wp-json\/wp\/v2\/types\/page"}],"author":[{"embeddable":true,"href":"https:\/\/ggwsf.org\/wordpress\/wp-json\/wp\/v2\/users\/1"}],"replies":[{"embeddable":true,"href":"https:\/\/ggwsf.org\/wordpress\/wp-json\/wp\/v2\/comments?post=469"}],"version-history":[{"count":31,"href":"https:\/\/ggwsf.org\/wordpress\/wp-json\/wp\/v2\/pages\/469\/revisions"}],"predecessor-version":[{"id":104319,"href":"https:\/\/ggwsf.org\/wordpress\/wp-json\/wp\/v2\/pages\/469\/revisions\/104319"}],"wp:attachment":[{"href":"https:\/\/ggwsf.org\/wordpress\/wp-json\/wp\/v2\/media?parent=469"}],"curies":[{"name":"wp","href":"https:\/\/api.w.org\/{rel}","templated":true}]}}