{"id":582,"date":"2019-07-05T11:55:00","date_gmt":"2019-07-05T09:55:00","guid":{"rendered":"http:\/\/ggwsf.org\/wordpress\/?page_id=582"},"modified":"2019-07-05T11:55:00","modified_gmt":"2019-07-05T09:55:00","slug":"nachhaltigkeitsberichte-fuer-schulen","status":"publish","type":"page","link":"https:\/\/ggwsf.org\/wordpress\/nachhaltigkeitsberichte-fuer-schulen\/","title":{"rendered":"Nachhaltigkeitsberichte f\u00fcr Schulen"},"content":{"rendered":"<p>Zahlreiche Schulen machen sich auf den Weg in Richtung Nachhaltigkeit. Im Zuge der UN-Dekade \u201eBildung f\u00fcr eine nachhaltige Entwicklung\u201c von 2005 bis 2014 wurden an Schulen etliche Projekte ins Leben gerufen \u2013 vom fairen Handel bis zum Klimaschutz. Das Motto f\u00fcr die Folgejahre lautet nun: \u201eVom Projekt zur Struktur\u201c, so Prof. Gerhard de Haan, Vorsitzender des Nationalkomitees \u201eBildung f\u00fcr nachhaltige Entwicklung\u201c und des Instituts Futur (FU Berlin). Diesen Grundgedanken haben das Institut f\u00fcr Nachhaltigkeitsbildung (IfN) und Prof. de Haan konkretisiert und ein Projekt zur Erstellung von Nachhaltigkeitsberichten f\u00fcr Schulen ins Leben gerufen. Durchgef\u00fchrt wird ein bundesweites Pilotprojekt mit der Erstellung von zw\u00f6lf Nachhaltigkeitsberichten f\u00fcr weiterf\u00fchrende Schulen und einer wissenschaftlichen Auswertung durch das IfN und Prof. de Haan im Hinblick auf die verwendeten Indikatoren, Themen und Projekte etc. <\/p>\n<p>\nZiel des bundesweiten Pilotprojekts Nachhaltigkeitsberichte f\u00fcr Schulen ist es, die Rahmen\u00adbe\u00addingun\u00adgen f\u00fcr eine schulische Nachhaltigkeitsberichterstattung n\u00e4her zu beleuchten. Neben den Indikatoren, Themen, Projekten und Akteuren werden dabei auch Fragen des organisa\u00adto\u00adri\u00adschen, personellen und finanziellen Aufwandes sowie M\u00f6glichkeiten der langfristigen Fort\u00adschrei\u00adbung der Berichte untersucht. Als Ergebnis werden Handlungsempfehlungen erarbeitet, die eine effiziente und dauerhafte schulische Nachhaltigkeitsberichterstattung erm\u00f6glichen sollen.\n<\/p>\n<p><a href=\"http:\/\/ggwsf.org\/wordpress\/wp-content\/uploads\/2019\/07\/N-Bericht-Goethegymnasium-Wei\u00dfenfels-November-2018.pdf\" target=\"_blank\" rel=\"noopener noreferrer\">Nachhaltigkeits-Bericht Goethegymnasium Wei\u00dfenfels November 2018<\/a><\/p>\n","protected":false},"excerpt":{"rendered":"<p>Zahlreiche Schulen machen sich auf den Weg in Richtung Nachhaltigkeit. Im Zuge der UN-Dekade \u201eBildung f\u00fcr eine nachhaltige Entwicklung\u201c von 2005 bis 2014 wurden an Schulen etliche Projekte ins Leben gerufen \u2013 vom fairen Handel bis zum Klimaschutz. Das Motto f\u00fcr die Folgejahre lautet nun: \u201eVom Projekt zur Struktur\u201c, so Prof. Gerhard de Haan, Vorsitzender &hellip; <a href=\"https:\/\/ggwsf.org\/wordpress\/nachhaltigkeitsberichte-fuer-schulen\/\" class=\"more-link\"><span class=\"screen-reader-text\">Nachhaltigkeitsberichte f\u00fcr Schulen<\/span> weiterlesen <span class=\"meta-nav\">&rarr;<\/span><\/a><\/p>\n","protected":false},"author":1,"featured_media":0,"parent":0,"menu_order":0,"comment_status":"closed","ping_status":"closed","template":"","meta":{"footnotes":""},"class_list":["post-582","page","type-page","status-publish","hentry"],"_links":{"self":[{"href":"https:\/\/ggwsf.org\/wordpress\/wp-json\/wp\/v2\/pages\/582","targetHints":{"allow":["GET"]}}],"collection":[{"href":"https:\/\/ggwsf.org\/wordpress\/wp-json\/wp\/v2\/pages"}],"about":[{"href":"https:\/\/ggwsf.org\/wordpress\/wp-json\/wp\/v2\/types\/page"}],"author":[{"embeddable":true,"href":"https:\/\/ggwsf.org\/wordpress\/wp-json\/wp\/v2\/users\/1"}],"replies":[{"embeddable":true,"href":"https:\/\/ggwsf.org\/wordpress\/wp-json\/wp\/v2\/comments?post=582"}],"version-history":[{"count":2,"href":"https:\/\/ggwsf.org\/wordpress\/wp-json\/wp\/v2\/pages\/582\/revisions"}],"predecessor-version":[{"id":585,"href":"https:\/\/ggwsf.org\/wordpress\/wp-json\/wp\/v2\/pages\/582\/revisions\/585"}],"wp:attachment":[{"href":"https:\/\/ggwsf.org\/wordpress\/wp-json\/wp\/v2\/media?parent=582"}],"curies":[{"name":"wp","href":"https:\/\/api.w.org\/{rel}","templated":true}]}}