{"id":69,"date":"2019-03-12T00:17:52","date_gmt":"2019-03-11T23:17:52","guid":{"rendered":"http:\/\/wordpress.kladih.de\/wordpress\/?page_id=69"},"modified":"2019-03-12T00:17:52","modified_gmt":"2019-03-11T23:17:52","slug":"erklaerung-zum-datenschutz-fuer-goethegymnasium-weissenfels","status":"publish","type":"page","link":"https:\/\/ggwsf.org\/wordpress\/erklaerung-zum-datenschutz-fuer-goethegymnasium-weissenfels\/","title":{"rendered":"Erkl\u00e4rung zum Datenschutz f\u00fcr Goethegymnasium Wei\u00dfenfels"},"content":{"rendered":"\n\t\t\t\t\n<p>\n\t\t\t\t<strong>Vorwort<\/strong><br>\n\t\t\t\tWir nehmen den Schutz Ihrer privaten Daten ernst. Die besondere Beachtung der Privatsph\u00e4re \n\t\t\t\tbei der Verarbeitung pers\u00f6nlicher Daten ist uns ein wichtiges Anliegen. Pers\u00f6nliche \n\t\t\t\tDaten werden gem\u00e4ss den Bestimmungen des Bundesdatensschutzgesetzes BDSG verwendet.\n\t\t\t\tDie Betreiber dieser Website verpflichten sich zur Verschwiegenheit. Diese Webseiten k\u00f6nnen \n\t\t\t\tLinks zu Webseiten anderer Anbieter enthalten, auf die sich diese Datenschutzerkl\u00e4rung nicht \n\t\t\t\terstreckt. Weitere wichtige Informationen finden sich auch in den <a href=\"http:\/\/wordpress.kladih.de\/wordpress\/allgemeine-nutzungsbedingungen-fuer-goethegymnasium-weissenfels\/\">Allgemeinen \n\t\t\t\tNutzungsbedingungen<\/a>.\n\t\t\t<\/p>\n\t\t\t<p>\n\t\t\t\t<strong>Personenbezogene Daten<\/strong><br>\n\t\t\t\tPersonenbezogene Daten sind Informationen, die dazu genutzt werden k\u00f6nnen, die \n\t\t\t\tIdentit\u00e4t zu erfahren. Darunter fallen Informationen wie richtiger Name, Adresse, \n\t\t\t\tPostanschrift, Telefonnummer. Informationen, die nicht direkt mit der wirklichen \n\t\t\t\tIdentit\u00e4t in Verbindung gebracht werden (wie zum Beispiel favorisierte Webseiten \n\t\t\t\toder Anzahl der Nutzer einer Site) fallen nicht darunter.<br>\n\t\t\t\tMan kann unser Online-Angebot grunds\u00e4tzlich ohne Offenlegung der Identit\u00e4t nutzen. \n\t\t\t\tWenn man sich f\u00fcr eine Registrierung entscheidet, sich also als Mitglied (registrierter \n\t\t\t\tBenutzer) anmeldet, kann man im individuellen Benutzerprofil pers\u00f6nlichen Informationen \n\t\t\t\thinterlegen. Es unterliegt der freien Entscheidung, ob diese Daten eingegeben \n\t\t\t\twerden. Da versucht wird, f\u00fcr eine Nutzung des Angebots so wenig wie m\u00f6glich \n\t\t\t  \tpersonenbezogene Daten zu erheben, reicht f\u00fcr eine Registrierung die Angabe \n\t\t\t  \teines Namens &#8211; unter dem man als Mitglied gef\u00fchrt wird und der nicht mit dem \n\t\t\t  \trealen Namen \u00fcbereinstimmen muss &#8211; und die Angabe der E-Mail-Adresse, an die \n\t\t\t  \tdas Kennwort geschickt wird, aus. In Verbindung mit dem Zugriff auf unsere Seiten \n\t\t\t  \twerden serverseitig Daten (zum Beispiel IP-Adresse, Datum, Uhrzeit und betrachtete \n\t\t\t  \tSeiten) gespeichert. Es findet keine personenbezogene Verwertung statt. Die \n\t\t\t  \tstatistische Auswertung anonymisierter Datens\u00e4tze bleibt vorbehalten.<br>\n\t\t\t  \tWir nutzen die pers\u00f6nlichen Daten zu Zwecken der technischen Administration \n\t\t\t  \tder Webseiten und zur Kundenverwaltung nur im jeweils daf\u00fcr erforderlichen Umfang. \n\t\t\t  \tDar\u00fcber hinaus werden pers\u00f6nliche Daten nur dann gespeichert, wenn diese freiwillig \n\t\t\t  \tangegeben werden.<br>\n\t\t\t<\/p>\n\t\t\t<p>\n\t\t\t\t<strong>Weitergabe personenbezogener Daten<\/strong><br>\n\t\t\t  \tWir verwenden personenbezogene Informationen nur f\u00fcr diese Webseite. Wir geben \n\t\t\t  \tdie Informationen nicht ohne ausdr\u00fcckliches Einverst\u00e4ndnis an Dritte weiter. \n\t\t\t  \tSollten im Rahmen der Auftragsdatenverarbeitung Daten an Dienstleister weitergegeben \n\t\t\t  \twerden, so sind diese an das Bundesdatenschutzgesetz BDSG, andere gesetzliche \n\t\t\t  \tVorschriften und an diese Privacy Policy gebunden.<br>\n\t\t\t  \tErhebungen beziehungsweise \u00fcbermittlungen pers\u00f6nlicher Daten an staatliche Einrichtungen \n\t\t\t  \tund Beh\u00f6rden erfolgen nur im Rahmen zwingender Rechtsvorschriften.<br>\n\t\t\t<\/p>\n\t\t\t<p>\n\t\t\t\t<strong>Einsatz von Cookies<\/strong><br>\n\t\t\t  \tWir setzen Cookies &#8211; kleine Dateien mit Konfigurationsinformationen &#8211; ein. Sie \n\t\t\t  \thelfen dabei, benutzerindividuelle Einstellungen zu ermitteln und spezielle \n\t\t\t  \tBenutzerfunktionen zu realisieren. Wir erfassen keine personenbezogenen Daten \n\t\t\t  \t\u00fcber Cookies. S\u00e4mtliche Funktionen der Website sind auch ohne Cookies einsetzbar, \n\t\t\t  \teinige benutzerdefinierte Eigenschaften und Einstellungen sind dann allerdings \n\t\t\t  \tnicht verf\u00fcgbar.<br>\n\t\t\t<\/p>\n\n\t\t\t<p>\n\t\t\t\t<strong>Kinder<\/strong><br>\n\t\t\t  \tPersonen unter 18 Jahren sollten ohne Zustimmung der Eltern oder Erziehungsberechtigten \n\t\t\t  \tkeine personenbezogenen Daten an uns \u00fcbermitteln. Wir fordern keine personenbezogenen \n\t\t\t  \tDaten von Kindern an, sammeln diese nicht und geben sie nicht an Dritte weiter.\n\t\t\t<\/p>\n\n\t\t\t<p>\n\t\t\t\t<strong>Recht auf Widerruf<\/strong><br>\n\t\t\t  \tWenn Sie uns personenbezogene Daten \u00fcberlassen haben, k\u00f6nnen Sie diese jederzeit \n\t\t\t  \tim Benutzerprofil wieder \u00e4ndern und l\u00f6schen. F\u00fcr eine vollst\u00e4ndige L\u00f6schung des Accounts bitte \n\t\t\t  \tan den <a href=\"mailto: kladih@web.de\">Webmaster<\/a> wenden. \n\t\t\t  \tBis zu diesem Zeitpunkt erfolgte Beitr\u00e4ge in Foren, Kommentaren, Terminank\u00fcndigungen \n\t\t\t  \tund Artikeln bleiben allerdings unter Umst\u00e4nden erhalten &#8211; Informationen dazu \n\t\t\t  \tauch bei den <a href=\"http:\/\/wordpress.kladih.de\/wordpress\/allgemeine-nutzungsbedingungen-fuer-goethegymnasium-weissenfels\/\">allgemeinen \n\t\t\t  \tNutzungsbedingungen<\/a>.\n\t\t\t<\/p>\n\n\t\t\t<p>\n\t\t\t\t<strong>Links zu anderen Websites<\/strong><br>\n\t\t\t  \tUnser Online-Angebot enth\u00e4lt Links zu anderen Websites. Wir haben keinen Einfluss \n\t\t\t  \tdarauf, dass deren Betreiber die Datenschutzbestimmungen einhalten.<br>\n\t\t\t<\/p>\n\n\t\t\t<p>\n\t\t\t\t<strong>Beitr\u00e4ge<\/strong><br>\n\t\t\t  \tDie Beitr\u00e4ge auf unserer Seite sind f\u00fcr jeden zug\u00e4nglich. Beitr\u00e4ge sollten vor \n\t\t\t  \tder Ver\u00f6ffentlichung sorgf\u00e4ltig darauf \u00fcberpr\u00fcft werden, ob sie Angaben enthalten, \n\t\t\t  \tdie nicht f\u00fcr die \u00d6ffentlichkeit bestimmt sind. Die Beitr\u00e4ge werden m\u00f6glicherweise \n\t\t\t  \tin Suchmaschinen erfasst und auch ohne gezielten Aufruf dieser Website weltweit \n\t\t\t  \tzugreifbar.<br>\n\t\t\t<\/p>\n\n\t\t\t<p>\n\t\t\t\t<strong>Fragen und Kommentare<\/strong><br>\n\t\t\t  \tBei Fragen und f\u00fcr Anregungen und Kommentare zum Thema Datenschutz bitte per \n\t\t\t  \tMail an den <a href=\"mailto:kladih@web.de\">Webmaster<\/a> \n\t\t\t  \tvon Goethegymnasium Wei\u00dfenfels wenden.\n\t\t\t<\/p>\n  \n\t\t\t<p>\n\t\t\t\t<strong>Auskunftsrecht<\/strong><br>\n\t\t\t\tSie haben jederzeit das Recht auf Auskunft \u00fcber die bez\u00fcglich Ihrer Person gespeicherten Daten, \n\t\t\t\tderen Herkunft und Empf\u00e4nger sowie den Zweck der Datenverarbeitung. Auskunft \u00fcber die gespeicherten Daten gibt der <a href=\"mailto:kladih@web.de\">Webmaster<\/a>.\n\t\t\t<\/p>\n\n\t\t\t<p>\n\t\t\t\t<strong>Sicherheitshinweis:<\/strong><br>\n\t\t\t\tWir sind bem\u00fcht Ihre personenbezogenen Daten durch Ergreifung aller technischen und organisatorischen \n\t\t\t\tM\u00f6glichkeiten so zu speichern, dass sie f\u00fcr Dritte nicht zug\u00e4nglich sind. Bei der Kommunikation \n\t\t\t\tper E Mail kann die vollst\u00e4ndige Datensicherheit von uns nicht gew\u00e4hrleistet werden, \n\t\t\t\tso dass wir Ihnen bei vertraulichen Informationen den Postweg empfehlen.\n\t\t\t<\/p>\n\t\t","protected":false},"excerpt":{"rendered":"<p>Vorwort Wir nehmen den Schutz Ihrer privaten Daten ernst. Die besondere Beachtung der Privatsph\u00e4re bei der Verarbeitung pers\u00f6nlicher Daten ist uns ein wichtiges Anliegen. Pers\u00f6nliche Daten werden gem\u00e4ss den Bestimmungen des Bundesdatensschutzgesetzes BDSG verwendet. Die Betreiber dieser Website verpflichten sich zur Verschwiegenheit. Diese Webseiten k\u00f6nnen Links zu Webseiten anderer Anbieter enthalten, auf die sich diese &hellip; <a href=\"https:\/\/ggwsf.org\/wordpress\/erklaerung-zum-datenschutz-fuer-goethegymnasium-weissenfels\/\" class=\"more-link\"><span class=\"screen-reader-text\">Erkl\u00e4rung zum Datenschutz f\u00fcr Goethegymnasium Wei\u00dfenfels<\/span> weiterlesen <span class=\"meta-nav\">&rarr;<\/span><\/a><\/p>\n","protected":false},"author":1,"featured_media":0,"parent":0,"menu_order":0,"comment_status":"closed","ping_status":"closed","template":"","meta":{"footnotes":""},"class_list":["post-69","page","type-page","status-publish","hentry"],"_links":{"self":[{"href":"https:\/\/ggwsf.org\/wordpress\/wp-json\/wp\/v2\/pages\/69","targetHints":{"allow":["GET"]}}],"collection":[{"href":"https:\/\/ggwsf.org\/wordpress\/wp-json\/wp\/v2\/pages"}],"about":[{"href":"https:\/\/ggwsf.org\/wordpress\/wp-json\/wp\/v2\/types\/page"}],"author":[{"embeddable":true,"href":"https:\/\/ggwsf.org\/wordpress\/wp-json\/wp\/v2\/users\/1"}],"replies":[{"embeddable":true,"href":"https:\/\/ggwsf.org\/wordpress\/wp-json\/wp\/v2\/comments?post=69"}],"version-history":[{"count":0,"href":"https:\/\/ggwsf.org\/wordpress\/wp-json\/wp\/v2\/pages\/69\/revisions"}],"wp:attachment":[{"href":"https:\/\/ggwsf.org\/wordpress\/wp-json\/wp\/v2\/media?parent=69"}],"curies":[{"name":"wp","href":"https:\/\/api.w.org\/{rel}","templated":true}]}}