{"id":78885,"date":"2022-05-16T19:14:27","date_gmt":"2022-05-16T17:14:27","guid":{"rendered":"https:\/\/ggwsf.org\/wordpress\/?page_id=78885"},"modified":"2024-09-03T09:27:11","modified_gmt":"2024-09-03T07:27:11","slug":"arbeitsgemeinschaften","status":"publish","type":"page","link":"https:\/\/ggwsf.org\/wordpress\/arbeitsgemeinschaften\/","title":{"rendered":"Arbeitsgemeinschaften"},"content":{"rendered":"<p>Arbeitsgemeinschaften verbinden Privat- und Schulleben auf eine Weise, die den Sch\u00fclerinnen und Sch\u00fclern die M\u00f6glichkeit gibt, die Schule nicht nur als Lern- sondern auch Lebensort wahrzunehmen. Im Folgenden stellen sich die Arbeitsgemeinschaften des Goethegymnasiums mit den wichtigsten Informationen vor. Interessierte Sch\u00fclerinnen und Sch\u00fcler k\u00f6nnen sich jederzeit bei den verantwortlichen Lehrerinnen und Lehrern melden, um Teil einer AG zu werden.<\/p>\n<p><img loading=\"lazy\" decoding=\"async\" class=\"alignnone wp-image-104514 size-full\" src=\"https:\/\/ggwsf.org\/wordpress\/wp-content\/uploads\/2024\/09\/IMG_8811.jpeg\" alt=\"\" width=\"1179\" height=\"1681\" srcset=\"https:\/\/ggwsf.org\/wordpress\/wp-content\/uploads\/2024\/09\/IMG_8811.jpeg 1179w, https:\/\/ggwsf.org\/wordpress\/wp-content\/uploads\/2024\/09\/IMG_8811-210x300.jpeg 210w, https:\/\/ggwsf.org\/wordpress\/wp-content\/uploads\/2024\/09\/IMG_8811-718x1024.jpeg 718w, https:\/\/ggwsf.org\/wordpress\/wp-content\/uploads\/2024\/09\/IMG_8811-768x1095.jpeg 768w, https:\/\/ggwsf.org\/wordpress\/wp-content\/uploads\/2024\/09\/IMG_8811-1077x1536.jpeg 1077w\" sizes=\"auto, (max-width: 1179px) 100vw, 1179px\" \/><\/p>\n","protected":false},"excerpt":{"rendered":"<p>Arbeitsgemeinschaften verbinden Privat- und Schulleben auf eine Weise, die den Sch\u00fclerinnen und Sch\u00fclern die M\u00f6glichkeit gibt, die Schule nicht nur als Lern- sondern auch Lebensort wahrzunehmen. Im Folgenden stellen sich die Arbeitsgemeinschaften des Goethegymnasiums mit den wichtigsten Informationen vor. Interessierte Sch\u00fclerinnen und Sch\u00fcler k\u00f6nnen sich jederzeit bei den verantwortlichen Lehrerinnen und Lehrern melden, um Teil &hellip; <a href=\"https:\/\/ggwsf.org\/wordpress\/arbeitsgemeinschaften\/\" class=\"more-link\"><span class=\"screen-reader-text\">Arbeitsgemeinschaften<\/span> weiterlesen <span class=\"meta-nav\">&rarr;<\/span><\/a><\/p>\n","protected":false},"author":1361,"featured_media":0,"parent":0,"menu_order":0,"comment_status":"closed","ping_status":"closed","template":"","meta":{"footnotes":""},"class_list":["post-78885","page","type-page","status-publish","hentry"],"_links":{"self":[{"href":"https:\/\/ggwsf.org\/wordpress\/wp-json\/wp\/v2\/pages\/78885","targetHints":{"allow":["GET"]}}],"collection":[{"href":"https:\/\/ggwsf.org\/wordpress\/wp-json\/wp\/v2\/pages"}],"about":[{"href":"https:\/\/ggwsf.org\/wordpress\/wp-json\/wp\/v2\/types\/page"}],"author":[{"embeddable":true,"href":"https:\/\/ggwsf.org\/wordpress\/wp-json\/wp\/v2\/users\/1361"}],"replies":[{"embeddable":true,"href":"https:\/\/ggwsf.org\/wordpress\/wp-json\/wp\/v2\/comments?post=78885"}],"version-history":[{"count":10,"href":"https:\/\/ggwsf.org\/wordpress\/wp-json\/wp\/v2\/pages\/78885\/revisions"}],"predecessor-version":[{"id":104515,"href":"https:\/\/ggwsf.org\/wordpress\/wp-json\/wp\/v2\/pages\/78885\/revisions\/104515"}],"wp:attachment":[{"href":"https:\/\/ggwsf.org\/wordpress\/wp-json\/wp\/v2\/media?parent=78885"}],"curies":[{"name":"wp","href":"https:\/\/api.w.org\/{rel}","templated":true}]}}